{"id":7449,"date":"2020-07-02T05:42:22","date_gmt":"2020-07-02T05:42:22","guid":{"rendered":"https:\/\/imagine-suites.gr\/?page_id=7449"},"modified":"2023-02-07T03:18:47","modified_gmt":"2023-02-07T03:18:47","slug":"lokacija","status":"publish","type":"page","link":"https:\/\/imagine-suites.gr\/sr\/lokacija\/","title":{"rendered":"Lokacija"},"content":{"rendered":"<p>[vc_row][vc_column]\t\t\t\t<div class=\"blog-block filter-block blog-5efd72bf549c4\">\n\t\t\t\t\t\t\t\t\t\t<div class=\"blog-items row isotope blog-masonry\">\n\t\t\t\t\t\t<div class=\"grid-sizer col-1\"><\/div>\n\t\t\t\t\t\t\t\t\t<article class=\"blog-item category-lokacija  col-12 col-sm-6 col-md-4 istp-item\">\n\t\t\t\t<div class=\"wrap\">\n\t\t\t\t\t\t\t\t\t\t\t<div class=\"img\">\n\t\t\t\t\t\t\t\t\t\t\t\t\t\t\t<a href=\"https:\/\/imagine-suites.gr\/sr\/lokacija\/nikiti\/\"><img width=\"1024\" height=\"682\" src=\"https:\/\/imagine-suites.gr\/wp-content\/uploads\/sith025-1024x682.jpg\" class=\"attachment-large size-large\" alt=\"\" loading=\"lazy\" \/><\/a>\n\t\t\t\t\t\t\t\t\t\t\t\t\t<\/div>\n\t\t\t\t\t\t\t\t\t\t\t<a class=\"title\" href=\"https:\/\/imagine-suites.gr\/sr\/lokacija\/nikiti\/\">Nikiti<\/a>\n\t\t\t\t\t\t\t\t\t\t\t<div class=\"desc\">Imagine Suites se nalazi u Nikitiju, na srednjem poluostrvu Halkidikija, na prelepoj Sitoniji. Udaljen je samo 400m od duge pe\u0161...<\/div>\n\t\t\t\t\t\t\t\t\t\t\t<div class=\"button\">\n\t\t\t\t\t\t\t<a href=\"https:\/\/imagine-suites.gr\/sr\/lokacija\/nikiti\/\" class=\"readmore-link button-style2\">\n\t\t\t\t\t\t\t\t<span>\u041e\u043f\u0448\u0438\u0440\u043d\u0438\u0458\u0435<\/span>\n\t\t\t\t\t\t\t\t<i class=\"base-icon-next-2\"><\/i>\n\t\t\t\t\t\t\t<\/a>\n\t\t\t\t\t\t<\/div>\n\t\t\t\t\t\t\t\t\t<\/div>\n\t\t\t<\/article>\n\t\t\t\t\t<article class=\"blog-item category-lokacija category-lokacija category-lokacija  col-12 col-sm-6 col-md-4 istp-item\">\n\t\t\t\t<div class=\"wrap\">\n\t\t\t\t\t\t\t\t\t\t\t<div class=\"img\">\n\t\t\t\t\t\t\t\t\t\t\t\t\t\t\t<a href=\"https:\/\/imagine-suites.gr\/sr\/lokacija\/plaze\/\"><img width=\"1024\" height=\"683\" src=\"https:\/\/imagine-suites.gr\/wp-content\/uploads\/sith027-1024x683.jpg\" class=\"attachment-large size-large\" alt=\"\" loading=\"lazy\" \/><\/a>\n\t\t\t\t\t\t\t\t\t\t\t\t\t<\/div>\n\t\t\t\t\t\t\t\t\t\t\t<a class=\"title\" href=\"https:\/\/imagine-suites.gr\/sr\/lokacija\/plaze\/\">Pla\u017ee<\/a>\n\t\t\t\t\t\t\t\t\t\t\t<div class=\"desc\">Oko Nikitija i Sitonije uop\u0161te, postoje pe\u0161\u010dane pla\u017ee sa plavim morem, koje su neke od najboljih na Halkidikiju. Me\u0111utim, pla\u017ea...<\/div>\n\t\t\t\t\t\t\t\t\t\t\t<div class=\"button\">\n\t\t\t\t\t\t\t<a href=\"https:\/\/imagine-suites.gr\/sr\/lokacija\/plaze\/\" class=\"readmore-link button-style2\">\n\t\t\t\t\t\t\t\t<span>\u041e\u043f\u0448\u0438\u0440\u043d\u0438\u0458\u0435<\/span>\n\t\t\t\t\t\t\t\t<i class=\"base-icon-next-2\"><\/i>\n\t\t\t\t\t\t\t<\/a>\n\t\t\t\t\t\t<\/div>\n\t\t\t\t\t\t\t\t\t<\/div>\n\t\t\t<\/article>\n\t\t\t\t\t<article class=\"blog-item   col-12 col-sm-6 col-md-4 istp-item\">\n\t\t\t\t<div class=\"wrap\">\n\t\t\t\t\t\t\t\t\t\t\t<div class=\"img\">\n\t\t\t\t\t\t\t\t\t\t\t\t\t\t\t<a href=\"https:\/\/imagine-suites.gr\/sr\/uncategorized-sr\/vodic-za-sitoniju\/\"><img width=\"1024\" height=\"681\" src=\"https:\/\/imagine-suites.gr\/wp-content\/uploads\/sith013-1024x681.jpg\" class=\"attachment-large size-large\" alt=\"\" loading=\"lazy\" \/><\/a>\n\t\t\t\t\t\t\t\t\t\t\t\t\t<\/div>\n\t\t\t\t\t\t\t\t\t\t\t<a class=\"title\" href=\"https:\/\/imagine-suites.gr\/sr\/uncategorized-sr\/vodic-za-sitoniju\/\">Vodi\u010d za Sitoniju<\/a>\n\t\t\t\t\t\t\t\t\t\t\t<div class=\"desc\">Staro selo i primorski Nikiti\r\nKlasifikovan je kao istorijsko naselje. Sastoji se od kamenih kuc\u0301a, od kojih su mnoge izgra\u0111ene...<\/div>\n\t\t\t\t\t\t\t\t\t\t\t<div class=\"button\">\n\t\t\t\t\t\t\t<a href=\"https:\/\/imagine-suites.gr\/sr\/uncategorized-sr\/vodic-za-sitoniju\/\" class=\"readmore-link button-style2\">\n\t\t\t\t\t\t\t\t<span>\u041e\u043f\u0448\u0438\u0440\u043d\u0438\u0458\u0435<\/span>\n\t\t\t\t\t\t\t\t<i class=\"base-icon-next-2\"><\/i>\n\t\t\t\t\t\t\t<\/a>\n\t\t\t\t\t\t<\/div>\n\t\t\t\t\t\t\t\t\t<\/div>\n\t\t\t<\/article>\n\t\t\t\t\t<article class=\"blog-item   col-12 col-sm-6 col-md-4 istp-item\">\n\t\t\t\t<div class=\"wrap\">\n\t\t\t\t\t\t\t\t\t\t\t<div class=\"img\">\n\t\t\t\t\t\t\t\t\t\t\t\t\t\t\t<a href=\"https:\/\/imagine-suites.gr\/sr\/uncategorized-sr\/halkidiki\/\"><img width=\"1024\" height=\"683\" src=\"https:\/\/imagine-suites.gr\/wp-content\/uploads\/sith034-1024x683.jpg\" class=\"attachment-large size-large\" alt=\"\" loading=\"lazy\" \/><\/a>\n\t\t\t\t\t\t\t\t\t\t\t\t\t<\/div>\n\t\t\t\t\t\t\t\t\t\t\t<a class=\"title\" href=\"https:\/\/imagine-suites.gr\/sr\/uncategorized-sr\/halkidiki\/\">Halkidiki<\/a>\n\t\t\t\t\t\t\t\t\t\t\t<div class=\"desc\">U oblasti Kasandre\r\n&nbsp;\r\nDrevni Olint\r\nSme\u0161ten na mudro odabranoj lokaciji iznad ravnice, bio je arhitektonski i organizacio...<\/div>\n\t\t\t\t\t\t\t\t\t\t\t<div class=\"button\">\n\t\t\t\t\t\t\t<a href=\"https:\/\/imagine-suites.gr\/sr\/uncategorized-sr\/halkidiki\/\" class=\"readmore-link button-style2\">\n\t\t\t\t\t\t\t\t<span>\u041e\u043f\u0448\u0438\u0440\u043d\u0438\u0458\u0435<\/span>\n\t\t\t\t\t\t\t\t<i class=\"base-icon-next-2\"><\/i>\n\t\t\t\t\t\t\t<\/a>\n\t\t\t\t\t\t<\/div>\n\t\t\t\t\t\t\t\t\t<\/div>\n\t\t\t<\/article>\n\t\t\t\t\t\t\t<\/div>\n\t\t\t\t\t\t\t\t\t<\/div>\n\t\t\t[\/vc_column][\/vc_row]<\/p>\n","protected":false},"excerpt":{"rendered":"<p>[vc_row][vc_column][\/vc_column][\/vc_row]<\/p>\n","protected":false},"author":1,"featured_media":0,"parent":0,"menu_order":0,"comment_status":"closed","ping_status":"closed","template":"","meta":{"om_disable_all_campaigns":false,"_mi_skip_tracking":false},"acf":[],"aioseo_notices":[],"_links":{"self":[{"href":"https:\/\/imagine-suites.gr\/sr\/wp-json\/wp\/v2\/pages\/7449"}],"collection":[{"href":"https:\/\/imagine-suites.gr\/sr\/wp-json\/wp\/v2\/pages"}],"about":[{"href":"https:\/\/imagine-suites.gr\/sr\/wp-json\/wp\/v2\/types\/page"}],"author":[{"embeddable":true,"href":"https:\/\/imagine-suites.gr\/sr\/wp-json\/wp\/v2\/users\/1"}],"replies":[{"embeddable":true,"href":"https:\/\/imagine-suites.gr\/sr\/wp-json\/wp\/v2\/comments?post=7449"}],"version-history":[{"count":2,"href":"https:\/\/imagine-suites.gr\/sr\/wp-json\/wp\/v2\/pages\/7449\/revisions"}],"predecessor-version":[{"id":7451,"href":"https:\/\/imagine-suites.gr\/sr\/wp-json\/wp\/v2\/pages\/7449\/revisions\/7451"}],"wp:attachment":[{"href":"https:\/\/imagine-suites.gr\/sr\/wp-json\/wp\/v2\/media?parent=7449"}],"curies":[{"name":"wp","href":"https:\/\/api.w.org\/{rel}","templated":true}]}}